{"id":1114,"date":"2020-10-12T13:14:56","date_gmt":"2020-10-12T12:14:56","guid":{"rendered":"https:\/\/www.medikuregem.be\/stage\/"},"modified":"2025-12-10T17:00:37","modified_gmt":"2025-12-10T16:00:37","slug":"stage","status":"publish","type":"page","link":"https:\/\/www.medikuregem.be\/fr\/stage\/","title":{"rendered":"Stage"},"content":{"rendered":"<p>MediKuregem trouve qu&rsquo;il est important de donner des opportunit\u00e9s aux personnes en formation et de leur offrir un bon endroit pour apprendre. Si vous \u00eates int\u00e9ress\u00e9 pour un stage chez nous, veuillez remplir les informations ci-dessous.<br \/>\nIMPORTANT: Pour \u00eatre admissible \u00e0 un stage, il faut une bonne connaissance du n\u00e9erlandais.<br \/>\n<div class=\"forminator-ui forminator-custom-form forminator-custom-form-2306 forminator-design--default  forminator_ajax\" data-forminator-render=\"0\" data-form=\"forminator-module-2306\" data-uid=\"69f5684399a20\"><br\/><\/div><form\n\t\t\t\tid=\"forminator-module-2306\"\n\t\t\t\tclass=\"forminator-ui forminator-custom-form forminator-custom-form-2306 forminator-design--default  forminator_ajax\"\n\t\t\t\tmethod=\"post\"\n\t\t\t\tdata-forminator-render=\"0\"\n\t\t\t\tdata-form-id=\"2306\"\n\t\t\t\t data-color-option=\"default\" data-design=\"default\" data-grid=\"open\" style=\"display: none;\"\n\t\t\t\tdata-uid=\"69f5684399a20\"\n\t\t\t><div role=\"alert\" aria-live=\"polite\" class=\"forminator-response-message forminator-error\" aria-hidden=\"true\"><\/div><div class=\"forminator-row\"><div id=\"name-1\" class=\"forminator-field-name forminator-col forminator-col-12 \"><div class=\"forminator-field\"><label for=\"forminator-field-name-1_69f5684399a20\" id=\"forminator-field-name-1_69f5684399a20-label\" class=\"forminator-label\">Pr\u00e9nom <span class=\"forminator-required\">*<\/span><\/label><input type=\"text\" name=\"name-1\" value=\"\" placeholder=\"\" id=\"forminator-field-name-1_69f5684399a20\" class=\"forminator-input forminator-name--field\" aria-required=\"true\" autocomplete=\"name\" \/><\/div><\/div><\/div><div class=\"forminator-row\"><div id=\"name-2\" class=\"forminator-field-name forminator-col forminator-col-12 \"><div class=\"forminator-field\"><label for=\"forminator-field-name-2_69f5684399a20\" id=\"forminator-field-name-2_69f5684399a20-label\" class=\"forminator-label\">Nom <span class=\"forminator-required\">*<\/span><\/label><input type=\"text\" name=\"name-2\" value=\"\" placeholder=\"\" id=\"forminator-field-name-2_69f5684399a20\" class=\"forminator-input forminator-name--field\" aria-required=\"true\" autocomplete=\"name\" \/><\/div><\/div><\/div><div class=\"forminator-row\"><div id=\"phone-1\" class=\"forminator-field-phone forminator-col forminator-col-12 \"><div class=\"forminator-field\"><label for=\"forminator-field-phone-1_69f5684399a20\" id=\"forminator-field-phone-1_69f5684399a20-label\" class=\"forminator-label\">Telephone <span class=\"forminator-required\">*<\/span><\/label><input type=\"text\" name=\"phone-1\" value=\"\" placeholder=\"\" id=\"forminator-field-phone-1_69f5684399a20\" class=\"forminator-input forminator-field--phone\" data-required=\"1\" aria-required=\"true\" autocomplete=\"off\" \/><\/div><\/div><\/div><div class=\"forminator-row\"><div id=\"email-1\" class=\"forminator-field-email forminator-col forminator-col-12 \"><div class=\"forminator-field\"><label for=\"forminator-field-email-1_69f5684399a20\" id=\"forminator-field-email-1_69f5684399a20-label\" class=\"forminator-label\">E-mail <span class=\"forminator-required\">*<\/span><\/label><input type=\"email\" name=\"email-1\" value=\"\" placeholder=\"\" id=\"forminator-field-email-1_69f5684399a20\" class=\"forminator-input forminator-email--field\" data-required=\"1\" aria-required=\"true\" autocomplete=\"email\" \/><\/div><\/div><\/div><div class=\"forminator-row\"><div id=\"text-1\" class=\"forminator-field-text forminator-col forminator-col-12 \"><div class=\"forminator-field\"><label for=\"forminator-field-text-1_69f5684399a20\" id=\"forminator-field-text-1_69f5684399a20-label\" class=\"forminator-label\">Nom de l&#039;\u00e9cole <span class=\"forminator-required\">*<\/span><\/label><input type=\"text\" name=\"text-1\" value=\"\" placeholder=\"\" id=\"forminator-field-text-1_69f5684399a20\" class=\"forminator-input forminator-name--field\" data-required=\"1\" \/><\/div><\/div><\/div><div class=\"forminator-row\"><div id=\"text-2\" class=\"forminator-field-text forminator-col forminator-col-12 \"><div class=\"forminator-field\"><label for=\"forminator-field-text-2_69f5684399a20\" id=\"forminator-field-text-2_69f5684399a20-label\" class=\"forminator-label\">Quelle formation + ann\u00e9e? <span class=\"forminator-required\">*<\/span><\/label><input type=\"text\" name=\"text-2\" value=\"\" placeholder=\"\" id=\"forminator-field-text-2_69f5684399a20\" class=\"forminator-input forminator-name--field\" data-required=\"1\" \/><\/div><\/div><\/div><div class=\"forminator-row\"><div id=\"select-1\" class=\"forminator-field-select forminator-col forminator-col-12  ddl-soort\"><div class=\"forminator-field\"><label for=\"forminator-form-2306__field--select-1_69f5684399a20\" id=\"forminator-form-2306__field--select-1_69f5684399a20-label\" class=\"forminator-label\">Type de stage <span class=\"forminator-required\">*<\/span><\/label><span id=\"forminator-form-2306__field--select-1_69f5684399a20-description\" class=\"forminator-description\">S\u00e9lectionnez votre stage<\/span><select  id=\"forminator-form-2306__field--select-1_69f5684399a20\" class=\"forminator-select--field forminator-select2 forminator-select2-multiple\" data-required=\"1\" name=\"select-1\" data-default-value=\"\" data-hidden-behavior=\"zero\" data-placeholder=\"S\u00e9lectionnez votre stage\" data-search=\"false\" data-search-placeholder=\"S\u00e9lectionnez votre stage\" data-checkbox=\"false\" data-allow-clear=\"false\" aria-labelledby=\"forminator-form-2306__field--select-1_69f5684399a20-label\" aria-describedby=\"forminator-form-2306__field--select-1_69f5684399a20-description\"><option value=\"\"  >S\u00e9lectionnez votre stage<\/option><option value=\"one\"  data-calculation=\"0\">Stage de d\u00e9couverte<\/option><option value=\"two\"  data-calculation=\"0\">Stage d'observation<\/option><option value=\"meeloopstage\"  data-calculation=\"0\">Stage de participation<\/option><option value=\"Afstudeerstage\"  data-calculation=\"0\">Stage de formation<\/option><\/select><\/div><\/div><\/div><div class=\"forminator-row\"><div id=\"section-1\" class=\"forminator-field-section forminator-col forminator-col-12  veld\"><div class=\"forminator-field\"><h2 class=\"forminator-title\">Quelle p\u00e9riode<\/h2><\/div><\/div><\/div><div class=\"forminator-row\"><div id=\"date-1\" class=\"forminator-field-date forminator-col forminator-col-6 \"><div class=\"forminator-field\"><label for=\"forminator-field-date-1-picker_69f5684399a20\" id=\"forminator-field-date-1-picker_69f5684399a20-label\" class=\"forminator-label\">Date de d\u00e9but <span class=\"forminator-required\">*<\/span><\/label><div class=\"forminator-input-with-icon\"><span class=\"forminator-icon-calendar\" aria-hidden=\"true\"><\/span><input autocomplete=\"off\" type=\"text\" size=\"1\" name=\"date-1\" value=\"\" placeholder=\"S\u00e9lectionnez une date\" id=\"forminator-field-date-1-picker_69f5684399a20\" class=\"forminator-input forminator-datepicker\" data-required=\"1\" data-format=\"dd\/mm\/yy\" data-restrict-type=\"\" data-restrict=\"\" data-start-year=\"2026\" data-end-year=\"2126\" data-past-dates=\"enable\" data-start-of-week=\"1\" data-start-date=\"2026-05-02\" data-end-date=\"\" data-start-field=\"\" data-end-field=\"\" data-start-offset=\"\" data-end-offset=\"\" data-disable-date=\"\" data-disable-range=\"\" \/><\/div><\/div><\/div><div id=\"date-2\" class=\"forminator-field-date forminator-col forminator-col-6 \"><div class=\"forminator-field\"><label for=\"forminator-field-date-2-picker_69f5684399a20\" id=\"forminator-field-date-2-picker_69f5684399a20-label\" class=\"forminator-label\">Date de fin <span class=\"forminator-required\">*<\/span><\/label><div class=\"forminator-input-with-icon\"><span class=\"forminator-icon-calendar\" aria-hidden=\"true\"><\/span><input autocomplete=\"off\" type=\"text\" size=\"1\" name=\"date-2\" value=\"\" placeholder=\"S\u00e9lectionnez une date\" id=\"forminator-field-date-2-picker_69f5684399a20\" class=\"forminator-input forminator-datepicker\" data-required=\"1\" data-format=\"dd-mm-yy\" data-restrict-type=\"\" data-restrict=\"\" data-start-year=\"2026\" data-end-year=\"2126\" data-past-dates=\"enable\" data-start-of-week=\"1\" data-start-date=\"2026-05-02\" data-end-date=\"\" data-start-field=\"\" data-end-field=\"\" data-start-offset=\"\" data-end-offset=\"\" data-disable-date=\"\" data-disable-range=\"\" \/><\/div><\/div><\/div><\/div><div class=\"forminator-row\"><div id=\"textarea-1\" class=\"forminator-field-textarea forminator-col forminator-col-12 \"><div class=\"forminator-field\"><label for=\"forminator-field-textarea-1_69f5684399a20\" id=\"forminator-field-textarea-1_69f5684399a20-label\" class=\"forminator-label\">Votre message (optionnel)<\/label><textarea name=\"textarea-1\" placeholder=\"\" id=\"forminator-field-textarea-1_69f5684399a20\" class=\"forminator-textarea\" rows=\"6\" style=\"min-height:140px;\" ><\/textarea><\/div><\/div><\/div><div class=\"forminator-row\"><div id=\"consent-1\" class=\"forminator-field-consent forminator-col forminator-col-12 \"><div class=\"forminator-field\"><label for=\"forminator-field-consent-1_69f5684399a20\" id=\"forminator-field-consent-1_69f5684399a20-label\" class=\"forminator-label\">Politique de confidentialit\u00e9 <span class=\"forminator-required\">*<\/span><\/label><div class=\"forminator-checkbox__wrapper\"><label id=\"forminator-field-consent-1_69f5684399a20__label\" class=\"forminator-checkbox forminator-consent\" aria-labelledby=\"forminator-field-consent-1_69f5684399a20-label\"><input type=\"checkbox\" name=\"consent-1\" id=\"forminator-field-consent-1_69f5684399a20\" value=\"checked\" aria-labelledby=\"forminator-field-consent-1_69f5684399a20-label\" aria-describedby=\"forminator-field-consent-1_69f5684399a20__description\" data-required=\"true\" aria-required=\"true\" \/><span class=\"forminator-checkbox-box\" aria-hidden=\"true\"><\/span><\/label><div id=\"forminator-field-consent-1_69f5684399a20__description\" class=\"forminator-checkbox__label forminator-consent__label\"><p>Oui, j'accepte  <a rel=\"noopener\" target=\"_blank\" href=\"https:\/\/www.medikuregem.be\/privacybeleid\/\">la politique de protection de la vie priv\u00e9e.\n<\/a>.<\/p><\/div><\/div><\/div><\/div><\/div><input type=\"hidden\" name=\"referer_url\" value=\"\" \/><div class=\"forminator-row forminator-row-last\"><div class=\"forminator-col\"><div class=\"forminator-field\"><button class=\"forminator-button forminator-button-submit\">Envoyer<\/button><\/div><\/div><\/div><input type=\"hidden\" id=\"forminator_nonce\" name=\"forminator_nonce\" value=\"2f0f1498d4\" \/><input type=\"hidden\" name=\"_wp_http_referer\" value=\"\/fr\/wp-json\/wp\/v2\/pages\/1114\" \/><input type=\"hidden\" name=\"form_id\" value=\"2306\"><input type=\"hidden\" name=\"page_id\" value=\"1114\"><input type=\"hidden\" name=\"form_type\" value=\"default\"><input type=\"hidden\" name=\"current_url\" value=\"https:\/\/www.medikuregem.be\/fr\/stage\/\"><input type=\"hidden\" name=\"render_id\" value=\"0\"><input type=\"hidden\" name=\"action\" value=\"forminator_submit_form_custom-forms\"><\/form>\n","protected":false},"excerpt":{"rendered":"<p>MediKuregem trouve qu&rsquo;il est important de donner des opportunit\u00e9s aux personnes en formation et de leur offrir un bon endroit pour apprendre. Si vous \u00eates int\u00e9ress\u00e9 pour un stage chez nous, veuillez remplir les informations ci-dessous. IMPORTANT: Pour \u00eatre admissible \u00e0 un stage, il faut une bonne connaissance du n\u00e9erlandais.<\/p>\n","protected":false},"author":2,"featured_media":0,"parent":0,"menu_order":0,"comment_status":"closed","ping_status":"closed","template":"","meta":{"_monsterinsights_skip_tracking":false,"_monsterinsights_sitenote_active":false,"_monsterinsights_sitenote_note":"","_monsterinsights_sitenote_category":0,"_genesis_hide_title":false,"_genesis_hide_breadcrumbs":false,"_genesis_hide_singular_image":false,"_genesis_hide_footer_widgets":false,"_genesis_custom_body_class":"","_genesis_custom_post_class":"","_genesis_layout":"sidebar-content","footnotes":""},"class_list":{"0":"post-1114","1":"page","2":"type-page","3":"status-publish","5":"entry"},"yoast_head":"<!-- This site is optimized with the Yoast SEO plugin v27.4 - https:\/\/yoast.com\/product\/yoast-seo-wordpress\/ -->\n<title>Stage - Medikuregem.be<\/title>\n<meta name=\"robots\" content=\"index, follow, max-snippet:-1, max-image-preview:large, max-video-preview:-1\" \/>\n<link rel=\"canonical\" href=\"https:\/\/www.medikuregem.be\/fr\/stage\/\" \/>\n<meta property=\"og:locale\" content=\"fr_FR\" \/>\n<meta property=\"og:type\" content=\"article\" \/>\n<meta property=\"og:title\" content=\"Stage - Medikuregem.be\" \/>\n<meta property=\"og:description\" content=\"MediKuregem trouve qu&rsquo;il est important de donner des opportunit\u00e9s aux personnes en formation et de leur offrir un bon endroit pour apprendre. Si vous \u00eates int\u00e9ress\u00e9 pour un stage chez nous, veuillez remplir les informations ci-dessous. IMPORTANT: Pour \u00eatre admissible \u00e0 un stage, il faut une bonne connaissance du n\u00e9erlandais.\" \/>\n<meta property=\"og:url\" content=\"https:\/\/www.medikuregem.be\/fr\/stage\/\" \/>\n<meta property=\"og:site_name\" content=\"Medikuregem.be\" \/>\n<meta property=\"article:modified_time\" content=\"2025-12-10T16:00:37+00:00\" \/>\n<meta name=\"twitter:card\" content=\"summary_large_image\" \/>\n<script type=\"application\/ld+json\" class=\"yoast-schema-graph\">{\"@context\":\"https:\\\/\\\/schema.org\",\"@graph\":[{\"@type\":\"WebPage\",\"@id\":\"https:\\\/\\\/www.medikuregem.be\\\/fr\\\/stage\\\/\",\"url\":\"https:\\\/\\\/www.medikuregem.be\\\/fr\\\/stage\\\/\",\"name\":\"Stage - Medikuregem.be\",\"isPartOf\":{\"@id\":\"https:\\\/\\\/www.medikuregem.be\\\/#website\"},\"datePublished\":\"2020-10-12T12:14:56+00:00\",\"dateModified\":\"2025-12-10T16:00:37+00:00\",\"breadcrumb\":{\"@id\":\"https:\\\/\\\/www.medikuregem.be\\\/fr\\\/stage\\\/#breadcrumb\"},\"inLanguage\":\"fr-FR\",\"potentialAction\":[{\"@type\":\"ReadAction\",\"target\":[\"https:\\\/\\\/www.medikuregem.be\\\/fr\\\/stage\\\/\"]}]},{\"@type\":\"BreadcrumbList\",\"@id\":\"https:\\\/\\\/www.medikuregem.be\\\/fr\\\/stage\\\/#breadcrumb\",\"itemListElement\":[{\"@type\":\"ListItem\",\"position\":1,\"name\":\"Home\",\"item\":\"https:\\\/\\\/www.medikuregem.be\\\/fr\\\/home\\\/\"},{\"@type\":\"ListItem\",\"position\":2,\"name\":\"Stage\"}]},{\"@type\":\"WebSite\",\"@id\":\"https:\\\/\\\/www.medikuregem.be\\\/#website\",\"url\":\"https:\\\/\\\/www.medikuregem.be\\\/\",\"name\":\"Medikuregem.be\",\"description\":\"\",\"publisher\":{\"@id\":\"https:\\\/\\\/www.medikuregem.be\\\/#organization\"},\"potentialAction\":[{\"@type\":\"SearchAction\",\"target\":{\"@type\":\"EntryPoint\",\"urlTemplate\":\"https:\\\/\\\/www.medikuregem.be\\\/?s={search_term_string}\"},\"query-input\":{\"@type\":\"PropertyValueSpecification\",\"valueRequired\":true,\"valueName\":\"search_term_string\"}}],\"inLanguage\":\"fr-FR\"},{\"@type\":\"Organization\",\"@id\":\"https:\\\/\\\/www.medikuregem.be\\\/#organization\",\"name\":\"Wijkgezondheidscentrum Medikuregem VZW\",\"url\":\"https:\\\/\\\/www.medikuregem.be\\\/\",\"logo\":{\"@type\":\"ImageObject\",\"inLanguage\":\"fr-FR\",\"@id\":\"https:\\\/\\\/www.medikuregem.be\\\/#\\\/schema\\\/logo\\\/image\\\/\",\"url\":\"https:\\\/\\\/www.medikuregem.be\\\/wp-content\\\/uploads\\\/2020\\\/06\\\/cropped-Logo_WGC_MEDIKUREGEM_rgb_2-kleuren.png\",\"contentUrl\":\"https:\\\/\\\/www.medikuregem.be\\\/wp-content\\\/uploads\\\/2020\\\/06\\\/cropped-Logo_WGC_MEDIKUREGEM_rgb_2-kleuren.png\",\"width\":2116,\"height\":484,\"caption\":\"Wijkgezondheidscentrum Medikuregem VZW\"},\"image\":{\"@id\":\"https:\\\/\\\/www.medikuregem.be\\\/#\\\/schema\\\/logo\\\/image\\\/\"}}]}<\/script>\n<!-- \/ Yoast SEO plugin. -->","yoast_head_json":{"title":"Stage - Medikuregem.be","robots":{"index":"index","follow":"follow","max-snippet":"max-snippet:-1","max-image-preview":"max-image-preview:large","max-video-preview":"max-video-preview:-1"},"canonical":"https:\/\/www.medikuregem.be\/fr\/stage\/","og_locale":"fr_FR","og_type":"article","og_title":"Stage - Medikuregem.be","og_description":"MediKuregem trouve qu&rsquo;il est important de donner des opportunit\u00e9s aux personnes en formation et de leur offrir un bon endroit pour apprendre. Si vous \u00eates int\u00e9ress\u00e9 pour un stage chez nous, veuillez remplir les informations ci-dessous. IMPORTANT: Pour \u00eatre admissible \u00e0 un stage, il faut une bonne connaissance du n\u00e9erlandais.","og_url":"https:\/\/www.medikuregem.be\/fr\/stage\/","og_site_name":"Medikuregem.be","article_modified_time":"2025-12-10T16:00:37+00:00","twitter_card":"summary_large_image","schema":{"@context":"https:\/\/schema.org","@graph":[{"@type":"WebPage","@id":"https:\/\/www.medikuregem.be\/fr\/stage\/","url":"https:\/\/www.medikuregem.be\/fr\/stage\/","name":"Stage - Medikuregem.be","isPartOf":{"@id":"https:\/\/www.medikuregem.be\/#website"},"datePublished":"2020-10-12T12:14:56+00:00","dateModified":"2025-12-10T16:00:37+00:00","breadcrumb":{"@id":"https:\/\/www.medikuregem.be\/fr\/stage\/#breadcrumb"},"inLanguage":"fr-FR","potentialAction":[{"@type":"ReadAction","target":["https:\/\/www.medikuregem.be\/fr\/stage\/"]}]},{"@type":"BreadcrumbList","@id":"https:\/\/www.medikuregem.be\/fr\/stage\/#breadcrumb","itemListElement":[{"@type":"ListItem","position":1,"name":"Home","item":"https:\/\/www.medikuregem.be\/fr\/home\/"},{"@type":"ListItem","position":2,"name":"Stage"}]},{"@type":"WebSite","@id":"https:\/\/www.medikuregem.be\/#website","url":"https:\/\/www.medikuregem.be\/","name":"Medikuregem.be","description":"","publisher":{"@id":"https:\/\/www.medikuregem.be\/#organization"},"potentialAction":[{"@type":"SearchAction","target":{"@type":"EntryPoint","urlTemplate":"https:\/\/www.medikuregem.be\/?s={search_term_string}"},"query-input":{"@type":"PropertyValueSpecification","valueRequired":true,"valueName":"search_term_string"}}],"inLanguage":"fr-FR"},{"@type":"Organization","@id":"https:\/\/www.medikuregem.be\/#organization","name":"Wijkgezondheidscentrum Medikuregem VZW","url":"https:\/\/www.medikuregem.be\/","logo":{"@type":"ImageObject","inLanguage":"fr-FR","@id":"https:\/\/www.medikuregem.be\/#\/schema\/logo\/image\/","url":"https:\/\/www.medikuregem.be\/wp-content\/uploads\/2020\/06\/cropped-Logo_WGC_MEDIKUREGEM_rgb_2-kleuren.png","contentUrl":"https:\/\/www.medikuregem.be\/wp-content\/uploads\/2020\/06\/cropped-Logo_WGC_MEDIKUREGEM_rgb_2-kleuren.png","width":2116,"height":484,"caption":"Wijkgezondheidscentrum Medikuregem VZW"},"image":{"@id":"https:\/\/www.medikuregem.be\/#\/schema\/logo\/image\/"}}]}},"_links":{"self":[{"href":"https:\/\/www.medikuregem.be\/fr\/wp-json\/wp\/v2\/pages\/1114","targetHints":{"allow":["GET"]}}],"collection":[{"href":"https:\/\/www.medikuregem.be\/fr\/wp-json\/wp\/v2\/pages"}],"about":[{"href":"https:\/\/www.medikuregem.be\/fr\/wp-json\/wp\/v2\/types\/page"}],"author":[{"embeddable":true,"href":"https:\/\/www.medikuregem.be\/fr\/wp-json\/wp\/v2\/users\/2"}],"replies":[{"embeddable":true,"href":"https:\/\/www.medikuregem.be\/fr\/wp-json\/wp\/v2\/comments?post=1114"}],"version-history":[{"count":6,"href":"https:\/\/www.medikuregem.be\/fr\/wp-json\/wp\/v2\/pages\/1114\/revisions"}],"predecessor-version":[{"id":2308,"href":"https:\/\/www.medikuregem.be\/fr\/wp-json\/wp\/v2\/pages\/1114\/revisions\/2308"}],"wp:attachment":[{"href":"https:\/\/www.medikuregem.be\/fr\/wp-json\/wp\/v2\/media?parent=1114"}],"curies":[{"name":"wp","href":"https:\/\/api.w.org\/{rel}","templated":true}]}}