{"id":603,"date":"2020-06-20T13:48:38","date_gmt":"2020-06-20T12:48:38","guid":{"rendered":"https:\/\/www.medikuregem.be\/?page_id=603"},"modified":"2020-06-23T10:19:47","modified_gmt":"2020-06-23T09:19:47","slug":"sinscrire","status":"publish","type":"page","link":"https:\/\/www.medikuregem.be\/fr\/sinscrire\/","title":{"rendered":"s&rsquo; Inscrire"},"content":{"rendered":"<p>Medikuregem fonctionne au <strong>forfait<\/strong>. Cela signifie que vous devez vous inscrire pour pouvoir faire appel \u00e0 nos services. L\u2019inscription est gratuite. Prenez contact avec l\u2019accueil (02 522 32 87) pour savoir si vous pouvez vous inscrire.<\/p>\n<p><strong>Inscription: <\/strong>vous signez un contrat gratuit avec MediKuregem. Vous y d\u00e9clarez que vous ferez toujours appel \u00e0 nous pour un m\u00e9decin g\u00e9n\u00e9raliste ou pour un(e) infirmier(e). MediKuregem re\u00e7oit tous les mois un montant fixe (forfait) des mutuelles pour chaque patient afin de r\u00e9mun\u00e9rer les soignants.<\/p>\n<p><strong>Vous ne payez rien<\/strong> pour une consultations ou visite \u00e0 domicile faite par un de nos m\u00e9decins ou infirmi\u00e8res.<\/p>\n<p><strong>Vous ne recevez pas d\u2019attestation de soins. <\/strong>Vous ne devez plus vous rendre \u00e0 la mutuelle pour vous faire rembourser. Vous devez \u00eatre en r\u00e8gle de mutuelle et payer vos cotisations.<\/p>\n<p>Si vous consultez un m\u00e9decin g\u00e9n\u00e9raliste ou un(e) infirmier(e) en dehors de MediKuregem, vous devez alors payer les honoraires compl\u00e8tement vous-m\u00eame, sans intervention de la mutuelle. Ceci ne vaut pas pour les services de garde du vendredi soir au lundi matin.<\/p>\n<p>Vous n\u2019avez pas de mutuelle, mais bien <strong>une carte m\u00e9dicale rouge du CPAS<\/strong>? Contactez l\u2019accueil pour v\u00e9rifier si vous pouvez faire appel \u00e0 nos soignants. Apportez toujours votre carte.<\/p>\n","protected":false},"excerpt":{"rendered":"<p>Medikuregem fonctionne au forfait. Cela signifie que vous devez vous inscrire pour pouvoir faire appel \u00e0 nos services. L\u2019inscription est gratuite. Prenez contact avec l\u2019accueil (02 522 32 87) pour savoir si vous pouvez vous inscrire. Inscription: vous signez un contrat gratuit avec MediKuregem. Vous y d\u00e9clarez que vous ferez toujours appel \u00e0 nous pour [&hellip;]<\/p>\n","protected":false},"author":2,"featured_media":906,"parent":0,"menu_order":0,"comment_status":"closed","ping_status":"closed","template":"","meta":{"_monsterinsights_skip_tracking":false,"_monsterinsights_sitenote_active":false,"_monsterinsights_sitenote_note":"","_monsterinsights_sitenote_category":0,"_genesis_hide_title":false,"_genesis_hide_breadcrumbs":false,"_genesis_hide_singular_image":false,"_genesis_hide_footer_widgets":false,"_genesis_custom_body_class":"","_genesis_custom_post_class":"","_genesis_layout":"sidebar-content","footnotes":""},"class_list":{"0":"post-603","1":"page","2":"type-page","3":"status-publish","4":"has-post-thumbnail","6":"entry"},"yoast_head":"<!-- This site is optimized with the Yoast SEO plugin v27.4 - https:\/\/yoast.com\/product\/yoast-seo-wordpress\/ -->\n<title>s&#039; Inscrire - Medikuregem.be<\/title>\n<meta name=\"robots\" content=\"index, follow, max-snippet:-1, max-image-preview:large, max-video-preview:-1\" \/>\n<link rel=\"canonical\" href=\"https:\/\/www.medikuregem.be\/fr\/sinscrire\/\" \/>\n<meta property=\"og:locale\" content=\"fr_FR\" \/>\n<meta property=\"og:type\" content=\"article\" \/>\n<meta property=\"og:title\" content=\"s&#039; Inscrire - Medikuregem.be\" \/>\n<meta property=\"og:description\" content=\"Medikuregem fonctionne au forfait. Cela signifie que vous devez vous inscrire pour pouvoir faire appel \u00e0 nos services. L\u2019inscription est gratuite. Prenez contact avec l\u2019accueil (02 522 32 87) pour savoir si vous pouvez vous inscrire. Inscription: vous signez un contrat gratuit avec MediKuregem. Vous y d\u00e9clarez que vous ferez toujours appel \u00e0 nous pour [&hellip;]\" \/>\n<meta property=\"og:url\" content=\"https:\/\/www.medikuregem.be\/fr\/sinscrire\/\" \/>\n<meta property=\"og:site_name\" content=\"Medikuregem.be\" \/>\n<meta property=\"article:modified_time\" content=\"2020-06-23T09:19:47+00:00\" \/>\n<meta property=\"og:image\" content=\"https:\/\/www.medikuregem.be\/wp-content\/uploads\/2020\/06\/Huis_DSCF3174-scaled-e1593181700311.jpg\" \/>\n\t<meta property=\"og:image:width\" content=\"2560\" \/>\n\t<meta property=\"og:image:height\" content=\"780\" \/>\n\t<meta property=\"og:image:type\" content=\"image\/jpeg\" \/>\n<meta name=\"twitter:card\" content=\"summary_large_image\" \/>\n<meta name=\"twitter:label1\" content=\"Dur\u00e9e de lecture estim\u00e9e\" \/>\n\t<meta name=\"twitter:data1\" content=\"1 minute\" \/>\n<script type=\"application\/ld+json\" class=\"yoast-schema-graph\">{\"@context\":\"https:\\\/\\\/schema.org\",\"@graph\":[{\"@type\":\"WebPage\",\"@id\":\"https:\\\/\\\/www.medikuregem.be\\\/fr\\\/sinscrire\\\/\",\"url\":\"https:\\\/\\\/www.medikuregem.be\\\/fr\\\/sinscrire\\\/\",\"name\":\"s' Inscrire - Medikuregem.be\",\"isPartOf\":{\"@id\":\"https:\\\/\\\/www.medikuregem.be\\\/#website\"},\"primaryImageOfPage\":{\"@id\":\"https:\\\/\\\/www.medikuregem.be\\\/fr\\\/sinscrire\\\/#primaryimage\"},\"image\":{\"@id\":\"https:\\\/\\\/www.medikuregem.be\\\/fr\\\/sinscrire\\\/#primaryimage\"},\"thumbnailUrl\":\"https:\\\/\\\/www.medikuregem.be\\\/wp-content\\\/uploads\\\/2020\\\/06\\\/Huis_DSCF3174-scaled-e1593181700311.jpg\",\"datePublished\":\"2020-06-20T12:48:38+00:00\",\"dateModified\":\"2020-06-23T09:19:47+00:00\",\"breadcrumb\":{\"@id\":\"https:\\\/\\\/www.medikuregem.be\\\/fr\\\/sinscrire\\\/#breadcrumb\"},\"inLanguage\":\"fr-FR\",\"potentialAction\":[{\"@type\":\"ReadAction\",\"target\":[\"https:\\\/\\\/www.medikuregem.be\\\/fr\\\/sinscrire\\\/\"]}]},{\"@type\":\"ImageObject\",\"inLanguage\":\"fr-FR\",\"@id\":\"https:\\\/\\\/www.medikuregem.be\\\/fr\\\/sinscrire\\\/#primaryimage\",\"url\":\"https:\\\/\\\/www.medikuregem.be\\\/wp-content\\\/uploads\\\/2020\\\/06\\\/Huis_DSCF3174-scaled-e1593181700311.jpg\",\"contentUrl\":\"https:\\\/\\\/www.medikuregem.be\\\/wp-content\\\/uploads\\\/2020\\\/06\\\/Huis_DSCF3174-scaled-e1593181700311.jpg\",\"width\":2560,\"height\":780},{\"@type\":\"BreadcrumbList\",\"@id\":\"https:\\\/\\\/www.medikuregem.be\\\/fr\\\/sinscrire\\\/#breadcrumb\",\"itemListElement\":[{\"@type\":\"ListItem\",\"position\":1,\"name\":\"Home\",\"item\":\"https:\\\/\\\/www.medikuregem.be\\\/fr\\\/home\\\/\"},{\"@type\":\"ListItem\",\"position\":2,\"name\":\"s&#8217; Inscrire\"}]},{\"@type\":\"WebSite\",\"@id\":\"https:\\\/\\\/www.medikuregem.be\\\/#website\",\"url\":\"https:\\\/\\\/www.medikuregem.be\\\/\",\"name\":\"Medikuregem.be\",\"description\":\"\",\"publisher\":{\"@id\":\"https:\\\/\\\/www.medikuregem.be\\\/#organization\"},\"potentialAction\":[{\"@type\":\"SearchAction\",\"target\":{\"@type\":\"EntryPoint\",\"urlTemplate\":\"https:\\\/\\\/www.medikuregem.be\\\/?s={search_term_string}\"},\"query-input\":{\"@type\":\"PropertyValueSpecification\",\"valueRequired\":true,\"valueName\":\"search_term_string\"}}],\"inLanguage\":\"fr-FR\"},{\"@type\":\"Organization\",\"@id\":\"https:\\\/\\\/www.medikuregem.be\\\/#organization\",\"name\":\"Wijkgezondheidscentrum Medikuregem VZW\",\"url\":\"https:\\\/\\\/www.medikuregem.be\\\/\",\"logo\":{\"@type\":\"ImageObject\",\"inLanguage\":\"fr-FR\",\"@id\":\"https:\\\/\\\/www.medikuregem.be\\\/#\\\/schema\\\/logo\\\/image\\\/\",\"url\":\"https:\\\/\\\/www.medikuregem.be\\\/wp-content\\\/uploads\\\/2020\\\/06\\\/cropped-Logo_WGC_MEDIKUREGEM_rgb_2-kleuren.png\",\"contentUrl\":\"https:\\\/\\\/www.medikuregem.be\\\/wp-content\\\/uploads\\\/2020\\\/06\\\/cropped-Logo_WGC_MEDIKUREGEM_rgb_2-kleuren.png\",\"width\":2116,\"height\":484,\"caption\":\"Wijkgezondheidscentrum Medikuregem VZW\"},\"image\":{\"@id\":\"https:\\\/\\\/www.medikuregem.be\\\/#\\\/schema\\\/logo\\\/image\\\/\"}}]}<\/script>\n<!-- \/ Yoast SEO plugin. -->","yoast_head_json":{"title":"s' Inscrire - Medikuregem.be","robots":{"index":"index","follow":"follow","max-snippet":"max-snippet:-1","max-image-preview":"max-image-preview:large","max-video-preview":"max-video-preview:-1"},"canonical":"https:\/\/www.medikuregem.be\/fr\/sinscrire\/","og_locale":"fr_FR","og_type":"article","og_title":"s' Inscrire - Medikuregem.be","og_description":"Medikuregem fonctionne au forfait. Cela signifie que vous devez vous inscrire pour pouvoir faire appel \u00e0 nos services. L\u2019inscription est gratuite. Prenez contact avec l\u2019accueil (02 522 32 87) pour savoir si vous pouvez vous inscrire. Inscription: vous signez un contrat gratuit avec MediKuregem. Vous y d\u00e9clarez que vous ferez toujours appel \u00e0 nous pour [&hellip;]","og_url":"https:\/\/www.medikuregem.be\/fr\/sinscrire\/","og_site_name":"Medikuregem.be","article_modified_time":"2020-06-23T09:19:47+00:00","og_image":[{"width":2560,"height":780,"url":"https:\/\/www.medikuregem.be\/wp-content\/uploads\/2020\/06\/Huis_DSCF3174-scaled-e1593181700311.jpg","type":"image\/jpeg"}],"twitter_card":"summary_large_image","twitter_misc":{"Dur\u00e9e de lecture estim\u00e9e":"1 minute"},"schema":{"@context":"https:\/\/schema.org","@graph":[{"@type":"WebPage","@id":"https:\/\/www.medikuregem.be\/fr\/sinscrire\/","url":"https:\/\/www.medikuregem.be\/fr\/sinscrire\/","name":"s' Inscrire - Medikuregem.be","isPartOf":{"@id":"https:\/\/www.medikuregem.be\/#website"},"primaryImageOfPage":{"@id":"https:\/\/www.medikuregem.be\/fr\/sinscrire\/#primaryimage"},"image":{"@id":"https:\/\/www.medikuregem.be\/fr\/sinscrire\/#primaryimage"},"thumbnailUrl":"https:\/\/www.medikuregem.be\/wp-content\/uploads\/2020\/06\/Huis_DSCF3174-scaled-e1593181700311.jpg","datePublished":"2020-06-20T12:48:38+00:00","dateModified":"2020-06-23T09:19:47+00:00","breadcrumb":{"@id":"https:\/\/www.medikuregem.be\/fr\/sinscrire\/#breadcrumb"},"inLanguage":"fr-FR","potentialAction":[{"@type":"ReadAction","target":["https:\/\/www.medikuregem.be\/fr\/sinscrire\/"]}]},{"@type":"ImageObject","inLanguage":"fr-FR","@id":"https:\/\/www.medikuregem.be\/fr\/sinscrire\/#primaryimage","url":"https:\/\/www.medikuregem.be\/wp-content\/uploads\/2020\/06\/Huis_DSCF3174-scaled-e1593181700311.jpg","contentUrl":"https:\/\/www.medikuregem.be\/wp-content\/uploads\/2020\/06\/Huis_DSCF3174-scaled-e1593181700311.jpg","width":2560,"height":780},{"@type":"BreadcrumbList","@id":"https:\/\/www.medikuregem.be\/fr\/sinscrire\/#breadcrumb","itemListElement":[{"@type":"ListItem","position":1,"name":"Home","item":"https:\/\/www.medikuregem.be\/fr\/home\/"},{"@type":"ListItem","position":2,"name":"s&#8217; Inscrire"}]},{"@type":"WebSite","@id":"https:\/\/www.medikuregem.be\/#website","url":"https:\/\/www.medikuregem.be\/","name":"Medikuregem.be","description":"","publisher":{"@id":"https:\/\/www.medikuregem.be\/#organization"},"potentialAction":[{"@type":"SearchAction","target":{"@type":"EntryPoint","urlTemplate":"https:\/\/www.medikuregem.be\/?s={search_term_string}"},"query-input":{"@type":"PropertyValueSpecification","valueRequired":true,"valueName":"search_term_string"}}],"inLanguage":"fr-FR"},{"@type":"Organization","@id":"https:\/\/www.medikuregem.be\/#organization","name":"Wijkgezondheidscentrum Medikuregem VZW","url":"https:\/\/www.medikuregem.be\/","logo":{"@type":"ImageObject","inLanguage":"fr-FR","@id":"https:\/\/www.medikuregem.be\/#\/schema\/logo\/image\/","url":"https:\/\/www.medikuregem.be\/wp-content\/uploads\/2020\/06\/cropped-Logo_WGC_MEDIKUREGEM_rgb_2-kleuren.png","contentUrl":"https:\/\/www.medikuregem.be\/wp-content\/uploads\/2020\/06\/cropped-Logo_WGC_MEDIKUREGEM_rgb_2-kleuren.png","width":2116,"height":484,"caption":"Wijkgezondheidscentrum Medikuregem VZW"},"image":{"@id":"https:\/\/www.medikuregem.be\/#\/schema\/logo\/image\/"}}]}},"_links":{"self":[{"href":"https:\/\/www.medikuregem.be\/fr\/wp-json\/wp\/v2\/pages\/603","targetHints":{"allow":["GET"]}}],"collection":[{"href":"https:\/\/www.medikuregem.be\/fr\/wp-json\/wp\/v2\/pages"}],"about":[{"href":"https:\/\/www.medikuregem.be\/fr\/wp-json\/wp\/v2\/types\/page"}],"author":[{"embeddable":true,"href":"https:\/\/www.medikuregem.be\/fr\/wp-json\/wp\/v2\/users\/2"}],"replies":[{"embeddable":true,"href":"https:\/\/www.medikuregem.be\/fr\/wp-json\/wp\/v2\/comments?post=603"}],"version-history":[{"count":2,"href":"https:\/\/www.medikuregem.be\/fr\/wp-json\/wp\/v2\/pages\/603\/revisions"}],"predecessor-version":[{"id":620,"href":"https:\/\/www.medikuregem.be\/fr\/wp-json\/wp\/v2\/pages\/603\/revisions\/620"}],"wp:featuredmedia":[{"embeddable":true,"href":"https:\/\/www.medikuregem.be\/fr\/wp-json\/wp\/v2\/media\/906"}],"wp:attachment":[{"href":"https:\/\/www.medikuregem.be\/fr\/wp-json\/wp\/v2\/media?parent=603"}],"curies":[{"name":"wp","href":"https:\/\/api.w.org\/{rel}","templated":true}]}}