{"id":608,"date":"2020-06-21T07:39:22","date_gmt":"2020-06-21T06:39:22","guid":{"rendered":"https:\/\/www.medikuregem.be\/?page_id=608"},"modified":"2025-12-10T11:12:12","modified_gmt":"2025-12-10T10:12:12","slug":"contact","status":"publish","type":"page","link":"https:\/\/www.medikuregem.be\/fr\/contact\/","title":{"rendered":"Contact"},"content":{"rendered":"<p>Medikuregem<br \/>\nRue Joseph Dujardin 8 &#8211; 12<br \/>\n1070 Bruxelles<br \/>\n02\/522.32.87<br \/>\n<a href=\"mailto:info@medikuregem.be\">info@medikuregem.be<\/a><\/p>\n<h2>Route<\/h2>\n<p><iframe loading=\"lazy\" style=\"border: 0;\" tabindex=\"0\" src=\"https:\/\/www.google.com\/maps\/embed?pb=!1m18!1m12!1m3!1d2519.7138194667127!2d4.32292461574541!3d50.8364645795305!2m3!1f0!2f0!3f0!3m2!1i1024!2i768!4f13.1!3m3!1m2!1s0x47c3c41185be20fb%3A0x644240ce43f07c0e!2sJoseph%20Dujardinstraat%208%2C%201070%20Anderlecht!5e0!3m2!1snl!2sbe!4v1589616749301!5m2!1snl!2sbe\" width=\"600\" height=\"450\" frameborder=\"0\" allowfullscreen=\"allowfullscreen\" aria-hidden=\"false\" data-mce-fragment=\"1\"><\/iframe><\/p>\n<h2><strong>En v\u00e9lo<\/strong><\/h2>\n<p>Le v\u00e9lo n&rsquo;est pas seulement un moyen sain, mais aussi un moyen durable de se rendre \u00e0 Medikuregem. Il est important de pouvoir garer son v\u00e9lo.<br \/>\nC&rsquo;est pourquoi nous offrons \u00e0 tous les patients un parking \u00e0 v\u00e9los pratique !<br \/>\nNotre parking \u00e0 v\u00e9los est situ\u00e9 juste \u00e0 l&rsquo;entr\u00e9e du cabinet.<br \/>\nVous pouvez donc combiner votre visite chez nous avec une balade \u00e0 v\u00e9lo rafra\u00eechissante en toute tranquillit\u00e9.<br \/>\nNous vous encourageons \u00e0 venir \u00e0 v\u00e9lo, non seulement pour votre sant\u00e9, mais aussi pour l&rsquo;environnement.<\/p>\n<p><img loading=\"lazy\" decoding=\"async\" class=\"alignnone  wp-image-2176\" src=\"https:\/\/www.medikuregem.be\/wp-content\/uploads\/2024\/10\/fietsstalling-300x160.jpg\" alt=\"\" width=\"332\" height=\"177\" srcset=\"https:\/\/www.medikuregem.be\/wp-content\/uploads\/2024\/10\/fietsstalling-300x160.jpg 300w, https:\/\/www.medikuregem.be\/wp-content\/uploads\/2024\/10\/fietsstalling-1024x547.jpg 1024w, https:\/\/www.medikuregem.be\/wp-content\/uploads\/2024\/10\/fietsstalling-768x411.jpg 768w, https:\/\/www.medikuregem.be\/wp-content\/uploads\/2024\/10\/fietsstalling-1536x821.jpg 1536w, https:\/\/www.medikuregem.be\/wp-content\/uploads\/2024\/10\/fietsstalling-2048x1095.jpg 2048w\" sizes=\"auto, (max-width: 332px) 100vw, 332px\" \/><\/p>\n<h2><strong>Transports publics<\/strong><\/h2>\n<p><strong>M\u00c9TRO: <\/strong>Lignes 2 et 6: arr\u00eat Clemenceau (800m)<\/p>\n<p><strong>STIB: <\/strong>Tram 81: arr\u00eats Square Albert I (550m) et Anderlecht Cureghem (650m)<\/p>\n<p><strong>De Lijn: <\/strong>lignes de bus 116\u00a0 117\u00a0 118\u00a0 136\u00a0 140\u00a0 141\u00a0 142 \u00a0144\u00a0 145\u00a0 170\u00a0 171: arr\u00eat Anderlecht Goujon (180m)<\/p>\n<h2>Formulaire de contact<\/h2>\n<form id=\"forminator-module-2297\" class=\"forminator-custom-form forminator-custom-form-2297\" method=\"post\" data-forminator-render=\"0\" data-uid=\"6a04955c77038\"><div role=\"alert\" aria-live=\"polite\" class=\"forminator-response-message forminator-error\" aria-hidden=\"true\"><\/div><\/form>\n","protected":false},"excerpt":{"rendered":"<p>Medikuregem Rue Joseph Dujardin 8 &#8211; 12 1070 Bruxelles 02\/522.32.87 info@medikuregem.be Route En v\u00e9lo Le v\u00e9lo n&rsquo;est pas seulement un moyen sain, mais aussi un moyen durable de se rendre \u00e0 Medikuregem. Il est important de pouvoir garer son v\u00e9lo. C&rsquo;est pourquoi nous offrons \u00e0 tous les patients un parking \u00e0 v\u00e9los pratique ! Notre [&hellip;]<\/p>\n","protected":false},"author":2,"featured_media":609,"parent":0,"menu_order":0,"comment_status":"closed","ping_status":"closed","template":"","meta":{"_monsterinsights_skip_tracking":false,"_monsterinsights_sitenote_active":false,"_monsterinsights_sitenote_note":"","_monsterinsights_sitenote_category":0,"_genesis_hide_title":false,"_genesis_hide_breadcrumbs":false,"_genesis_hide_singular_image":false,"_genesis_hide_footer_widgets":false,"_genesis_custom_body_class":"","_genesis_custom_post_class":"","_genesis_layout":"sidebar-content","footnotes":""},"class_list":{"0":"post-608","1":"page","2":"type-page","3":"status-publish","4":"has-post-thumbnail","6":"entry"},"yoast_head":"<!-- This site is optimized with the Yoast SEO plugin v27.4 - https:\/\/yoast.com\/product\/yoast-seo-wordpress\/ -->\n<title>Contact - Medikuregem.be<\/title>\n<meta name=\"robots\" content=\"index, follow, max-snippet:-1, max-image-preview:large, max-video-preview:-1\" \/>\n<link rel=\"canonical\" href=\"https:\/\/www.medikuregem.be\/fr\/contact\/\" \/>\n<meta property=\"og:locale\" content=\"fr_FR\" \/>\n<meta property=\"og:type\" content=\"article\" \/>\n<meta property=\"og:title\" content=\"Contact - Medikuregem.be\" \/>\n<meta property=\"og:description\" content=\"Medikuregem Rue Joseph Dujardin 8 &#8211; 12 1070 Bruxelles 02\/522.32.87 info@medikuregem.be Route En v\u00e9lo Le v\u00e9lo n&rsquo;est pas seulement un moyen sain, mais aussi un moyen durable de se rendre \u00e0 Medikuregem. Il est important de pouvoir garer son v\u00e9lo. C&rsquo;est pourquoi nous offrons \u00e0 tous les patients un parking \u00e0 v\u00e9los pratique ! Notre [&hellip;]\" \/>\n<meta property=\"og:url\" content=\"https:\/\/www.medikuregem.be\/fr\/contact\/\" \/>\n<meta property=\"og:site_name\" content=\"Medikuregem.be\" \/>\n<meta property=\"article:modified_time\" content=\"2025-12-10T10:12:12+00:00\" \/>\n<meta property=\"og:image\" content=\"https:\/\/www.medikuregem.be\/wp-content\/uploads\/2020\/06\/Afbeelding-Homepage-scaled.jpg\" \/>\n\t<meta property=\"og:image:width\" content=\"2560\" \/>\n\t<meta property=\"og:image:height\" content=\"1920\" \/>\n\t<meta property=\"og:image:type\" content=\"image\/jpeg\" \/>\n<meta name=\"twitter:card\" content=\"summary_large_image\" \/>\n<meta name=\"twitter:label1\" content=\"Dur\u00e9e de lecture estim\u00e9e\" \/>\n\t<meta name=\"twitter:data1\" content=\"1 minute\" \/>\n<script type=\"application\/ld+json\" class=\"yoast-schema-graph\">{\"@context\":\"https:\\\/\\\/schema.org\",\"@graph\":[{\"@type\":\"WebPage\",\"@id\":\"https:\\\/\\\/www.medikuregem.be\\\/fr\\\/contact\\\/\",\"url\":\"https:\\\/\\\/www.medikuregem.be\\\/fr\\\/contact\\\/\",\"name\":\"Contact - Medikuregem.be\",\"isPartOf\":{\"@id\":\"https:\\\/\\\/www.medikuregem.be\\\/#website\"},\"primaryImageOfPage\":{\"@id\":\"https:\\\/\\\/www.medikuregem.be\\\/fr\\\/contact\\\/#primaryimage\"},\"image\":{\"@id\":\"https:\\\/\\\/www.medikuregem.be\\\/fr\\\/contact\\\/#primaryimage\"},\"thumbnailUrl\":\"https:\\\/\\\/www.medikuregem.be\\\/wp-content\\\/uploads\\\/2020\\\/06\\\/Afbeelding-Homepage-scaled.jpg\",\"datePublished\":\"2020-06-21T06:39:22+00:00\",\"dateModified\":\"2025-12-10T10:12:12+00:00\",\"breadcrumb\":{\"@id\":\"https:\\\/\\\/www.medikuregem.be\\\/fr\\\/contact\\\/#breadcrumb\"},\"inLanguage\":\"fr-FR\",\"potentialAction\":[{\"@type\":\"ReadAction\",\"target\":[\"https:\\\/\\\/www.medikuregem.be\\\/fr\\\/contact\\\/\"]}]},{\"@type\":\"ImageObject\",\"inLanguage\":\"fr-FR\",\"@id\":\"https:\\\/\\\/www.medikuregem.be\\\/fr\\\/contact\\\/#primaryimage\",\"url\":\"https:\\\/\\\/www.medikuregem.be\\\/wp-content\\\/uploads\\\/2020\\\/06\\\/Afbeelding-Homepage-scaled.jpg\",\"contentUrl\":\"https:\\\/\\\/www.medikuregem.be\\\/wp-content\\\/uploads\\\/2020\\\/06\\\/Afbeelding-Homepage-scaled.jpg\",\"width\":2560,\"height\":1920},{\"@type\":\"BreadcrumbList\",\"@id\":\"https:\\\/\\\/www.medikuregem.be\\\/fr\\\/contact\\\/#breadcrumb\",\"itemListElement\":[{\"@type\":\"ListItem\",\"position\":1,\"name\":\"Home\",\"item\":\"https:\\\/\\\/www.medikuregem.be\\\/fr\\\/home\\\/\"},{\"@type\":\"ListItem\",\"position\":2,\"name\":\"Contact\"}]},{\"@type\":\"WebSite\",\"@id\":\"https:\\\/\\\/www.medikuregem.be\\\/#website\",\"url\":\"https:\\\/\\\/www.medikuregem.be\\\/\",\"name\":\"Medikuregem.be\",\"description\":\"\",\"publisher\":{\"@id\":\"https:\\\/\\\/www.medikuregem.be\\\/#organization\"},\"potentialAction\":[{\"@type\":\"SearchAction\",\"target\":{\"@type\":\"EntryPoint\",\"urlTemplate\":\"https:\\\/\\\/www.medikuregem.be\\\/?s={search_term_string}\"},\"query-input\":{\"@type\":\"PropertyValueSpecification\",\"valueRequired\":true,\"valueName\":\"search_term_string\"}}],\"inLanguage\":\"fr-FR\"},{\"@type\":\"Organization\",\"@id\":\"https:\\\/\\\/www.medikuregem.be\\\/#organization\",\"name\":\"Wijkgezondheidscentrum Medikuregem VZW\",\"url\":\"https:\\\/\\\/www.medikuregem.be\\\/\",\"logo\":{\"@type\":\"ImageObject\",\"inLanguage\":\"fr-FR\",\"@id\":\"https:\\\/\\\/www.medikuregem.be\\\/#\\\/schema\\\/logo\\\/image\\\/\",\"url\":\"https:\\\/\\\/www.medikuregem.be\\\/wp-content\\\/uploads\\\/2020\\\/06\\\/cropped-Logo_WGC_MEDIKUREGEM_rgb_2-kleuren.png\",\"contentUrl\":\"https:\\\/\\\/www.medikuregem.be\\\/wp-content\\\/uploads\\\/2020\\\/06\\\/cropped-Logo_WGC_MEDIKUREGEM_rgb_2-kleuren.png\",\"width\":2116,\"height\":484,\"caption\":\"Wijkgezondheidscentrum Medikuregem VZW\"},\"image\":{\"@id\":\"https:\\\/\\\/www.medikuregem.be\\\/#\\\/schema\\\/logo\\\/image\\\/\"}}]}<\/script>\n<!-- \/ Yoast SEO plugin. -->","yoast_head_json":{"title":"Contact - Medikuregem.be","robots":{"index":"index","follow":"follow","max-snippet":"max-snippet:-1","max-image-preview":"max-image-preview:large","max-video-preview":"max-video-preview:-1"},"canonical":"https:\/\/www.medikuregem.be\/fr\/contact\/","og_locale":"fr_FR","og_type":"article","og_title":"Contact - Medikuregem.be","og_description":"Medikuregem Rue Joseph Dujardin 8 &#8211; 12 1070 Bruxelles 02\/522.32.87 info@medikuregem.be Route En v\u00e9lo Le v\u00e9lo n&rsquo;est pas seulement un moyen sain, mais aussi un moyen durable de se rendre \u00e0 Medikuregem. Il est important de pouvoir garer son v\u00e9lo. C&rsquo;est pourquoi nous offrons \u00e0 tous les patients un parking \u00e0 v\u00e9los pratique ! Notre [&hellip;]","og_url":"https:\/\/www.medikuregem.be\/fr\/contact\/","og_site_name":"Medikuregem.be","article_modified_time":"2025-12-10T10:12:12+00:00","og_image":[{"width":2560,"height":1920,"url":"https:\/\/www.medikuregem.be\/wp-content\/uploads\/2020\/06\/Afbeelding-Homepage-scaled.jpg","type":"image\/jpeg"}],"twitter_card":"summary_large_image","twitter_misc":{"Dur\u00e9e de lecture estim\u00e9e":"1 minute"},"schema":{"@context":"https:\/\/schema.org","@graph":[{"@type":"WebPage","@id":"https:\/\/www.medikuregem.be\/fr\/contact\/","url":"https:\/\/www.medikuregem.be\/fr\/contact\/","name":"Contact - Medikuregem.be","isPartOf":{"@id":"https:\/\/www.medikuregem.be\/#website"},"primaryImageOfPage":{"@id":"https:\/\/www.medikuregem.be\/fr\/contact\/#primaryimage"},"image":{"@id":"https:\/\/www.medikuregem.be\/fr\/contact\/#primaryimage"},"thumbnailUrl":"https:\/\/www.medikuregem.be\/wp-content\/uploads\/2020\/06\/Afbeelding-Homepage-scaled.jpg","datePublished":"2020-06-21T06:39:22+00:00","dateModified":"2025-12-10T10:12:12+00:00","breadcrumb":{"@id":"https:\/\/www.medikuregem.be\/fr\/contact\/#breadcrumb"},"inLanguage":"fr-FR","potentialAction":[{"@type":"ReadAction","target":["https:\/\/www.medikuregem.be\/fr\/contact\/"]}]},{"@type":"ImageObject","inLanguage":"fr-FR","@id":"https:\/\/www.medikuregem.be\/fr\/contact\/#primaryimage","url":"https:\/\/www.medikuregem.be\/wp-content\/uploads\/2020\/06\/Afbeelding-Homepage-scaled.jpg","contentUrl":"https:\/\/www.medikuregem.be\/wp-content\/uploads\/2020\/06\/Afbeelding-Homepage-scaled.jpg","width":2560,"height":1920},{"@type":"BreadcrumbList","@id":"https:\/\/www.medikuregem.be\/fr\/contact\/#breadcrumb","itemListElement":[{"@type":"ListItem","position":1,"name":"Home","item":"https:\/\/www.medikuregem.be\/fr\/home\/"},{"@type":"ListItem","position":2,"name":"Contact"}]},{"@type":"WebSite","@id":"https:\/\/www.medikuregem.be\/#website","url":"https:\/\/www.medikuregem.be\/","name":"Medikuregem.be","description":"","publisher":{"@id":"https:\/\/www.medikuregem.be\/#organization"},"potentialAction":[{"@type":"SearchAction","target":{"@type":"EntryPoint","urlTemplate":"https:\/\/www.medikuregem.be\/?s={search_term_string}"},"query-input":{"@type":"PropertyValueSpecification","valueRequired":true,"valueName":"search_term_string"}}],"inLanguage":"fr-FR"},{"@type":"Organization","@id":"https:\/\/www.medikuregem.be\/#organization","name":"Wijkgezondheidscentrum Medikuregem VZW","url":"https:\/\/www.medikuregem.be\/","logo":{"@type":"ImageObject","inLanguage":"fr-FR","@id":"https:\/\/www.medikuregem.be\/#\/schema\/logo\/image\/","url":"https:\/\/www.medikuregem.be\/wp-content\/uploads\/2020\/06\/cropped-Logo_WGC_MEDIKUREGEM_rgb_2-kleuren.png","contentUrl":"https:\/\/www.medikuregem.be\/wp-content\/uploads\/2020\/06\/cropped-Logo_WGC_MEDIKUREGEM_rgb_2-kleuren.png","width":2116,"height":484,"caption":"Wijkgezondheidscentrum Medikuregem VZW"},"image":{"@id":"https:\/\/www.medikuregem.be\/#\/schema\/logo\/image\/"}}]}},"_links":{"self":[{"href":"https:\/\/www.medikuregem.be\/fr\/wp-json\/wp\/v2\/pages\/608","targetHints":{"allow":["GET"]}}],"collection":[{"href":"https:\/\/www.medikuregem.be\/fr\/wp-json\/wp\/v2\/pages"}],"about":[{"href":"https:\/\/www.medikuregem.be\/fr\/wp-json\/wp\/v2\/types\/page"}],"author":[{"embeddable":true,"href":"https:\/\/www.medikuregem.be\/fr\/wp-json\/wp\/v2\/users\/2"}],"replies":[{"embeddable":true,"href":"https:\/\/www.medikuregem.be\/fr\/wp-json\/wp\/v2\/comments?post=608"}],"version-history":[{"count":8,"href":"https:\/\/www.medikuregem.be\/fr\/wp-json\/wp\/v2\/pages\/608\/revisions"}],"predecessor-version":[{"id":2298,"href":"https:\/\/www.medikuregem.be\/fr\/wp-json\/wp\/v2\/pages\/608\/revisions\/2298"}],"wp:featuredmedia":[{"embeddable":true,"href":"https:\/\/www.medikuregem.be\/fr\/wp-json\/wp\/v2\/media\/609"}],"wp:attachment":[{"href":"https:\/\/www.medikuregem.be\/fr\/wp-json\/wp\/v2\/media?parent=608"}],"curies":[{"name":"wp","href":"https:\/\/api.w.org\/{rel}","templated":true}]}}