{"id":638,"date":"2020-06-21T08:41:26","date_gmt":"2020-06-21T07:41:26","guid":{"rendered":"https:\/\/www.medikuregem.be\/?page_id=638"},"modified":"2023-11-15T16:44:09","modified_gmt":"2023-11-15T15:44:09","slug":"service-de-garde","status":"publish","type":"page","link":"https:\/\/www.medikuregem.be\/fr\/service-de-garde\/","title":{"rendered":"Service de garde"},"content":{"rendered":"<h2>Le service de garde pour les patients inscrits \u00e0 Medikuregem<\/h2>\n<p>Vous souhaitez consulter un m\u00e9decin ? Veuillez alors prendre rendez-vous \u00e0 l\u2019accueil ou par t\u00e9l\u00e9phone pendant les heures d\u2019ouverture.Pour les attestations de travail ou scolaires, appelez avant 10h \u00e0 02\/522 32 87.<\/p>\n<h2>Vous avez quand m\u00eame besoin d\u2019un m\u00e9decin en urgence en dehors des heures d\u2019ouverture (apr\u00e8s 19h et pendant les weekends et les jours f\u00e9ri\u00e9s) ?<\/h2>\n<p><strong>Vous pouvez vous d\u00e9placer ?<\/strong><\/p>\n<ul>\n<li>Vous pouvez vous adresser au poste de garde :<strong> <a href=\"http:\/\/www.gbbw.be\/index.php\/fr\/doctors-on-call\" target=\"_blank\" rel=\"noopener\">www.gbbw.be<\/a><\/strong><\/li>\n<\/ul>\n<p><strong>Vous ne pouvez pas vous d\u00e9placer ?<\/strong><\/p>\n<ul>\n<li>Appelez le num\u00e9ro 02\/522 32 87 Medikuregem (24h\/24 et 7j\/7) ou 02\/201.22.22 poste de garde.<\/li>\n<li>Patientez jusqu\u2019\u00e0 ce qu\u2019on vous r\u00e9ponde<\/li>\n<li>Donnez les infos suivantes: nom, num\u00e9ro de t\u00e9l\u00e9phone, adresse et raison de l\u2019appel<\/li>\n<\/ul>\n<p>Votre appel est transf\u00e9r\u00e9 au service de garde de Bruxelles (GBBW). Un m\u00e9decin viendra en urgence \u00e0 domicile si n\u00e9cessaire.<\/p>\n<p>Le liens vers le service de garde Bruxellois :\u00a0<a href=\"http:\/\/www.gbbw.be\/\" target=\"_blank\" rel=\"noopener noreferrer\">GBBW<\/a><\/p>\n","protected":false},"excerpt":{"rendered":"<p>Le service de garde pour les patients inscrits \u00e0 Medikuregem Vous souhaitez consulter un m\u00e9decin ? Veuillez alors prendre rendez-vous \u00e0 l\u2019accueil ou par t\u00e9l\u00e9phone pendant les heures d\u2019ouverture.Pour les attestations de travail ou scolaires, appelez avant 10h \u00e0 02\/522 32 87. Vous avez quand m\u00eame besoin d\u2019un m\u00e9decin en urgence en dehors des heures [&hellip;]<\/p>\n","protected":false},"author":2,"featured_media":906,"parent":0,"menu_order":0,"comment_status":"closed","ping_status":"closed","template":"","meta":{"_monsterinsights_skip_tracking":false,"_monsterinsights_sitenote_active":false,"_monsterinsights_sitenote_note":"","_monsterinsights_sitenote_category":0,"_genesis_hide_title":false,"_genesis_hide_breadcrumbs":false,"_genesis_hide_singular_image":false,"_genesis_hide_footer_widgets":false,"_genesis_custom_body_class":"","_genesis_custom_post_class":"","_genesis_layout":"sidebar-content","footnotes":""},"class_list":{"0":"post-638","1":"page","2":"type-page","3":"status-publish","4":"has-post-thumbnail","6":"entry"},"yoast_head":"<!-- This site is optimized with the Yoast SEO plugin v27.4 - https:\/\/yoast.com\/product\/yoast-seo-wordpress\/ -->\n<title>Service de garde - Medikuregem.be<\/title>\n<meta name=\"robots\" content=\"index, follow, max-snippet:-1, max-image-preview:large, max-video-preview:-1\" \/>\n<link rel=\"canonical\" href=\"https:\/\/www.medikuregem.be\/fr\/service-de-garde\/\" \/>\n<meta property=\"og:locale\" content=\"fr_FR\" \/>\n<meta property=\"og:type\" content=\"article\" \/>\n<meta property=\"og:title\" content=\"Service de garde - Medikuregem.be\" \/>\n<meta property=\"og:description\" content=\"Le service de garde pour les patients inscrits \u00e0 Medikuregem Vous souhaitez consulter un m\u00e9decin ? Veuillez alors prendre rendez-vous \u00e0 l\u2019accueil ou par t\u00e9l\u00e9phone pendant les heures d\u2019ouverture.Pour les attestations de travail ou scolaires, appelez avant 10h \u00e0 02\/522 32 87. Vous avez quand m\u00eame besoin d\u2019un m\u00e9decin en urgence en dehors des heures [&hellip;]\" \/>\n<meta property=\"og:url\" content=\"https:\/\/www.medikuregem.be\/fr\/service-de-garde\/\" \/>\n<meta property=\"og:site_name\" content=\"Medikuregem.be\" \/>\n<meta property=\"article:modified_time\" content=\"2023-11-15T15:44:09+00:00\" \/>\n<meta property=\"og:image\" content=\"https:\/\/www.medikuregem.be\/wp-content\/uploads\/2020\/06\/Huis_DSCF3174-scaled-e1593181700311.jpg\" \/>\n\t<meta property=\"og:image:width\" content=\"2560\" \/>\n\t<meta property=\"og:image:height\" content=\"780\" \/>\n\t<meta property=\"og:image:type\" content=\"image\/jpeg\" \/>\n<meta name=\"twitter:card\" content=\"summary_large_image\" \/>\n<meta name=\"twitter:label1\" content=\"Dur\u00e9e de lecture estim\u00e9e\" \/>\n\t<meta name=\"twitter:data1\" content=\"1 minute\" \/>\n<script type=\"application\/ld+json\" class=\"yoast-schema-graph\">{\"@context\":\"https:\\\/\\\/schema.org\",\"@graph\":[{\"@type\":\"WebPage\",\"@id\":\"https:\\\/\\\/www.medikuregem.be\\\/fr\\\/service-de-garde\\\/\",\"url\":\"https:\\\/\\\/www.medikuregem.be\\\/fr\\\/service-de-garde\\\/\",\"name\":\"Service de garde - Medikuregem.be\",\"isPartOf\":{\"@id\":\"https:\\\/\\\/www.medikuregem.be\\\/#website\"},\"primaryImageOfPage\":{\"@id\":\"https:\\\/\\\/www.medikuregem.be\\\/fr\\\/service-de-garde\\\/#primaryimage\"},\"image\":{\"@id\":\"https:\\\/\\\/www.medikuregem.be\\\/fr\\\/service-de-garde\\\/#primaryimage\"},\"thumbnailUrl\":\"https:\\\/\\\/www.medikuregem.be\\\/wp-content\\\/uploads\\\/2020\\\/06\\\/Huis_DSCF3174-scaled-e1593181700311.jpg\",\"datePublished\":\"2020-06-21T07:41:26+00:00\",\"dateModified\":\"2023-11-15T15:44:09+00:00\",\"breadcrumb\":{\"@id\":\"https:\\\/\\\/www.medikuregem.be\\\/fr\\\/service-de-garde\\\/#breadcrumb\"},\"inLanguage\":\"fr-FR\",\"potentialAction\":[{\"@type\":\"ReadAction\",\"target\":[\"https:\\\/\\\/www.medikuregem.be\\\/fr\\\/service-de-garde\\\/\"]}]},{\"@type\":\"ImageObject\",\"inLanguage\":\"fr-FR\",\"@id\":\"https:\\\/\\\/www.medikuregem.be\\\/fr\\\/service-de-garde\\\/#primaryimage\",\"url\":\"https:\\\/\\\/www.medikuregem.be\\\/wp-content\\\/uploads\\\/2020\\\/06\\\/Huis_DSCF3174-scaled-e1593181700311.jpg\",\"contentUrl\":\"https:\\\/\\\/www.medikuregem.be\\\/wp-content\\\/uploads\\\/2020\\\/06\\\/Huis_DSCF3174-scaled-e1593181700311.jpg\",\"width\":2560,\"height\":780},{\"@type\":\"BreadcrumbList\",\"@id\":\"https:\\\/\\\/www.medikuregem.be\\\/fr\\\/service-de-garde\\\/#breadcrumb\",\"itemListElement\":[{\"@type\":\"ListItem\",\"position\":1,\"name\":\"Home\",\"item\":\"https:\\\/\\\/www.medikuregem.be\\\/fr\\\/home\\\/\"},{\"@type\":\"ListItem\",\"position\":2,\"name\":\"Service de garde\"}]},{\"@type\":\"WebSite\",\"@id\":\"https:\\\/\\\/www.medikuregem.be\\\/#website\",\"url\":\"https:\\\/\\\/www.medikuregem.be\\\/\",\"name\":\"Medikuregem.be\",\"description\":\"\",\"publisher\":{\"@id\":\"https:\\\/\\\/www.medikuregem.be\\\/#organization\"},\"potentialAction\":[{\"@type\":\"SearchAction\",\"target\":{\"@type\":\"EntryPoint\",\"urlTemplate\":\"https:\\\/\\\/www.medikuregem.be\\\/?s={search_term_string}\"},\"query-input\":{\"@type\":\"PropertyValueSpecification\",\"valueRequired\":true,\"valueName\":\"search_term_string\"}}],\"inLanguage\":\"fr-FR\"},{\"@type\":\"Organization\",\"@id\":\"https:\\\/\\\/www.medikuregem.be\\\/#organization\",\"name\":\"Wijkgezondheidscentrum Medikuregem VZW\",\"url\":\"https:\\\/\\\/www.medikuregem.be\\\/\",\"logo\":{\"@type\":\"ImageObject\",\"inLanguage\":\"fr-FR\",\"@id\":\"https:\\\/\\\/www.medikuregem.be\\\/#\\\/schema\\\/logo\\\/image\\\/\",\"url\":\"https:\\\/\\\/www.medikuregem.be\\\/wp-content\\\/uploads\\\/2020\\\/06\\\/cropped-Logo_WGC_MEDIKUREGEM_rgb_2-kleuren.png\",\"contentUrl\":\"https:\\\/\\\/www.medikuregem.be\\\/wp-content\\\/uploads\\\/2020\\\/06\\\/cropped-Logo_WGC_MEDIKUREGEM_rgb_2-kleuren.png\",\"width\":2116,\"height\":484,\"caption\":\"Wijkgezondheidscentrum Medikuregem VZW\"},\"image\":{\"@id\":\"https:\\\/\\\/www.medikuregem.be\\\/#\\\/schema\\\/logo\\\/image\\\/\"}}]}<\/script>\n<!-- \/ Yoast SEO plugin. -->","yoast_head_json":{"title":"Service de garde - Medikuregem.be","robots":{"index":"index","follow":"follow","max-snippet":"max-snippet:-1","max-image-preview":"max-image-preview:large","max-video-preview":"max-video-preview:-1"},"canonical":"https:\/\/www.medikuregem.be\/fr\/service-de-garde\/","og_locale":"fr_FR","og_type":"article","og_title":"Service de garde - Medikuregem.be","og_description":"Le service de garde pour les patients inscrits \u00e0 Medikuregem Vous souhaitez consulter un m\u00e9decin ? Veuillez alors prendre rendez-vous \u00e0 l\u2019accueil ou par t\u00e9l\u00e9phone pendant les heures d\u2019ouverture.Pour les attestations de travail ou scolaires, appelez avant 10h \u00e0 02\/522 32 87. Vous avez quand m\u00eame besoin d\u2019un m\u00e9decin en urgence en dehors des heures [&hellip;]","og_url":"https:\/\/www.medikuregem.be\/fr\/service-de-garde\/","og_site_name":"Medikuregem.be","article_modified_time":"2023-11-15T15:44:09+00:00","og_image":[{"width":2560,"height":780,"url":"https:\/\/www.medikuregem.be\/wp-content\/uploads\/2020\/06\/Huis_DSCF3174-scaled-e1593181700311.jpg","type":"image\/jpeg"}],"twitter_card":"summary_large_image","twitter_misc":{"Dur\u00e9e de lecture estim\u00e9e":"1 minute"},"schema":{"@context":"https:\/\/schema.org","@graph":[{"@type":"WebPage","@id":"https:\/\/www.medikuregem.be\/fr\/service-de-garde\/","url":"https:\/\/www.medikuregem.be\/fr\/service-de-garde\/","name":"Service de garde - Medikuregem.be","isPartOf":{"@id":"https:\/\/www.medikuregem.be\/#website"},"primaryImageOfPage":{"@id":"https:\/\/www.medikuregem.be\/fr\/service-de-garde\/#primaryimage"},"image":{"@id":"https:\/\/www.medikuregem.be\/fr\/service-de-garde\/#primaryimage"},"thumbnailUrl":"https:\/\/www.medikuregem.be\/wp-content\/uploads\/2020\/06\/Huis_DSCF3174-scaled-e1593181700311.jpg","datePublished":"2020-06-21T07:41:26+00:00","dateModified":"2023-11-15T15:44:09+00:00","breadcrumb":{"@id":"https:\/\/www.medikuregem.be\/fr\/service-de-garde\/#breadcrumb"},"inLanguage":"fr-FR","potentialAction":[{"@type":"ReadAction","target":["https:\/\/www.medikuregem.be\/fr\/service-de-garde\/"]}]},{"@type":"ImageObject","inLanguage":"fr-FR","@id":"https:\/\/www.medikuregem.be\/fr\/service-de-garde\/#primaryimage","url":"https:\/\/www.medikuregem.be\/wp-content\/uploads\/2020\/06\/Huis_DSCF3174-scaled-e1593181700311.jpg","contentUrl":"https:\/\/www.medikuregem.be\/wp-content\/uploads\/2020\/06\/Huis_DSCF3174-scaled-e1593181700311.jpg","width":2560,"height":780},{"@type":"BreadcrumbList","@id":"https:\/\/www.medikuregem.be\/fr\/service-de-garde\/#breadcrumb","itemListElement":[{"@type":"ListItem","position":1,"name":"Home","item":"https:\/\/www.medikuregem.be\/fr\/home\/"},{"@type":"ListItem","position":2,"name":"Service de garde"}]},{"@type":"WebSite","@id":"https:\/\/www.medikuregem.be\/#website","url":"https:\/\/www.medikuregem.be\/","name":"Medikuregem.be","description":"","publisher":{"@id":"https:\/\/www.medikuregem.be\/#organization"},"potentialAction":[{"@type":"SearchAction","target":{"@type":"EntryPoint","urlTemplate":"https:\/\/www.medikuregem.be\/?s={search_term_string}"},"query-input":{"@type":"PropertyValueSpecification","valueRequired":true,"valueName":"search_term_string"}}],"inLanguage":"fr-FR"},{"@type":"Organization","@id":"https:\/\/www.medikuregem.be\/#organization","name":"Wijkgezondheidscentrum Medikuregem VZW","url":"https:\/\/www.medikuregem.be\/","logo":{"@type":"ImageObject","inLanguage":"fr-FR","@id":"https:\/\/www.medikuregem.be\/#\/schema\/logo\/image\/","url":"https:\/\/www.medikuregem.be\/wp-content\/uploads\/2020\/06\/cropped-Logo_WGC_MEDIKUREGEM_rgb_2-kleuren.png","contentUrl":"https:\/\/www.medikuregem.be\/wp-content\/uploads\/2020\/06\/cropped-Logo_WGC_MEDIKUREGEM_rgb_2-kleuren.png","width":2116,"height":484,"caption":"Wijkgezondheidscentrum Medikuregem VZW"},"image":{"@id":"https:\/\/www.medikuregem.be\/#\/schema\/logo\/image\/"}}]}},"_links":{"self":[{"href":"https:\/\/www.medikuregem.be\/fr\/wp-json\/wp\/v2\/pages\/638","targetHints":{"allow":["GET"]}}],"collection":[{"href":"https:\/\/www.medikuregem.be\/fr\/wp-json\/wp\/v2\/pages"}],"about":[{"href":"https:\/\/www.medikuregem.be\/fr\/wp-json\/wp\/v2\/types\/page"}],"author":[{"embeddable":true,"href":"https:\/\/www.medikuregem.be\/fr\/wp-json\/wp\/v2\/users\/2"}],"replies":[{"embeddable":true,"href":"https:\/\/www.medikuregem.be\/fr\/wp-json\/wp\/v2\/comments?post=638"}],"version-history":[{"count":8,"href":"https:\/\/www.medikuregem.be\/fr\/wp-json\/wp\/v2\/pages\/638\/revisions"}],"predecessor-version":[{"id":1981,"href":"https:\/\/www.medikuregem.be\/fr\/wp-json\/wp\/v2\/pages\/638\/revisions\/1981"}],"wp:featuredmedia":[{"embeddable":true,"href":"https:\/\/www.medikuregem.be\/fr\/wp-json\/wp\/v2\/media\/906"}],"wp:attachment":[{"href":"https:\/\/www.medikuregem.be\/fr\/wp-json\/wp\/v2\/media?parent=638"}],"curies":[{"name":"wp","href":"https:\/\/api.w.org\/{rel}","templated":true}]}}